{"id":29233,"date":"2024-02-15T11:42:50","date_gmt":"2024-02-15T11:42:50","guid":{"rendered":"https:\/\/www.montenegroproperties.com\/o-nama\/"},"modified":"2025-10-29T17:55:20","modified_gmt":"2025-10-29T17:55:20","slug":"o-nama","status":"publish","type":"page","link":"https:\/\/www.montenegroproperties.com\/crn\/o-nama\/","title":{"rendered":"O nama"},"content":{"rendered":"<p><!--vcv no format--><\/p>\n<div class=\"vce-row-container\" data-vce-boxed-width=\"true\">\n<div id=\"el-d9c69c83\" class=\"vce-row vce-row--col-gap-30 vce-row-equal-height vce-row-content--top\" data-vce-do-apply=\"all el-d9c69c83\">\n<div class=\"vce-row-content\" data-vce-element-content=\"true\">\n<div id=\"el-2d3ce74f\" class=\"vce-col vce-col--md-auto vce-col--xs-1 vce-col--xs-last vce-col--xs-first vce-col--sm-last vce-col--sm-first vce-col--md-last vce-col--lg-last vce-col--xl-last vce-col--md-first vce-col--lg-first vce-col--xl-first\">\n<div class=\"vce-col-inner\" data-vce-do-apply=\"border margin background el-2d3ce74f\">\n<div class=\"vce-col-content\" data-vce-element-content=\"true\" data-vce-do-apply=\"padding el-2d3ce74f\">\n<div class=\"vce-row-container\" data-vce-boxed-width=\"true\">\n<div id=\"el-88092e55\" class=\"vce-row vce-row--col-gap-30 vce-row-equal-height vce-row-content--top\" data-vce-do-apply=\"all el-88092e55\">\n<div class=\"vce-row-content\" data-vce-element-content=\"true\">\n<div id=\"el-c60d3abb\" class=\"vce-col vce-col--md-auto vce-col--xs-1 vce-col--xs-last vce-col--xs-first vce-col--sm-last vce-col--sm-first vce-col--md-last vce-col--lg-last vce-col--xl-last vce-col--md-first vce-col--lg-first vce-col--xl-first\">\n<div class=\"vce-col-inner\" data-vce-do-apply=\"border margin background el-c60d3abb\">\n<div class=\"vce-col-content\" data-vce-element-content=\"true\" data-vce-do-apply=\"padding el-c60d3abb\"><\/div>\n<\/div>\n<\/div>\n<\/div>\n<\/div>\n<\/div>\n<div class=\"vce-text-block\">\n<div id=\"el-ddebcbd1\" class=\"vce-text-block-wrapper vce\" data-vce-do-apply=\"all el-ddebcbd1\">\n<h4><strong>VI\u0160E OD DECENIJE ISKUSTVA<\/strong><\/h4>\n<ul>\n<li>Ponosni smo na na\u0161e 19-godi\u0161nje iskustvo uspje\u0161nog partnerstva sa na\u0161im klijentima i do danas smo uspje\u0161no prodali mnoge nekretnine u Crnoj Gori. Iskustva i preporuke na\u0161ih klijenata pogledajte ovdje<\/li>\n<\/ul>\n<h4><strong>0% NAKNADA KUPCA<\/strong><\/h4>\n<ul>\n<li>Na\u0161i klijenti ne pla\u0107aju proviziju prilikom kupovine nekretnine.<\/li>\n<\/ul>\n<h4><strong>SIROK IZBOR NEKRETNINA<\/strong><\/h4>\n<ul>\n<li>Nudimo vrlo \u0161irok spektar nekretnine na lokacijama \u0161irom Crne Gore.<\/li>\n<\/ul>\n<h4><strong>NA\u0160 TIM<\/strong><\/h4>\n<ul>\n<li>Na\u0161 tim \u0107e u\u010diniti va\u0161u kupovinu lak\u0161om i efikasnijom Na\u0161i saradnici su poznati kao profesionalni, po\u0161teni, odgovorni i veoma iskusni. Na\u0161 vi\u0161ejezi\u010dni tim govori engleski, ruski i crnogorski.<\/li>\n<\/ul>\n<h4><strong>LIFESTYLE KOMPANIJA<\/strong><\/h4>\n<ul>\n<li>Mi sebe vidimo ne samo kao agenciju za nekretnine Crne Gore, ve\u0107 i kao lifestyle kompaniju. Unaprijed razmi\u0161ljamo, uvijek sa ciljem da izgradimo dugoro\u010dne odnose sa klijentima, uklju\u010duju\u0107i i pru\u017eanje usluga nakon kupoprodaje.<\/li>\n<\/ul>\n<h4><strong>KOMUNIKACIJA I SAVJETOVANJE<\/strong><\/h4>\n<ul>\n<li>Pru\u017eamo vodice za kupovinu, dajemo izvjestaje trzista i strucne savjete o svim pitanjima sa kojima se klijent mo\u017ee susresti.<\/li>\n<\/ul>\n<h4><strong>DJELUJEMO BRZO I SA INTEGRITETOM.<\/strong><\/h4>\n<ul>\n<li>Na Va\u0161e upite odgovaramo brzo, i uz vas smo kroz cijeli proces kupovine. Imamo individualno orijentisan pristup svakom klijentu.<\/li>\n<\/ul>\n<h4><strong>TR\u017dI\u0160NA INTELIGENCIJA<\/strong><\/h4>\n<ul>\n<li>Pru\u017eamo vodi\u010de za kupovinu i izve\u0161taje o tr\u017ei\u0161tu, na osnovu na\u0161eg odli\u010dnog dugoro\u010dnog poznavanja lokalnog tr\u017ei\u0161ta, kao i detaljnog istra\u017eivanja lokalnog tr\u017ei\u0161ta i stru\u010dnih saveta kako bismo bili sigurni da na\u0161i klijenti donose uravnote\u017eene odluke.<\/li>\n<\/ul>\n<h4><strong>REGISTRUJ SE NA NA\u0160OJ WEB STRANICI<\/strong><\/h4>\n<ul>\n<li>Registracijom na na\u0161oj web stranici, mo\u0107i \u0107ete u\u017eivati u video prezentacijama i upozorenjima nekretnina . Dobija\u0107ete redovne biltene i jo\u0161 mnogo toga.<\/li>\n<\/ul>\n<h4><strong>POZITIVAN &#8220;CAN-DO&#8221; STAV<\/strong><\/h4>\n<ul>\n<li>Poma\u017eemo na\u0161im klijentima da ispune svoj pravi potencijal.<\/li>\n<\/ul>\n<h4><strong>NEKRETNINE SU NA\u0160A STRAST.<\/strong><\/h4>\n<ul>\n<li>Na\u0161i klijenti nikada nisu pod pritiskom da kupe nekretnina, jer &#8220;prodaja nije ne\u0161to \u0161to te\u017eite; to je ne\u0161to \u0161to se doga\u0111a dok ste uronjeni u slu\u017eenje svom kupcu&#8221;.<\/li>\n<\/ul>\n<\/div>\n<\/div>\n<\/div>\n<\/div>\n<\/div>\n<\/div>\n<\/div>\n<\/div>\n<p><!--vcv no format--><\/p>\n","protected":false},"excerpt":{"rendered":"<p>VI\u0160E OD DECENIJE ISKUSTVA Ponosni smo na na\u0161e 19-godi\u0161nje iskustvo uspje\u0161nog partnerstva sa na\u0161im klijentima i do danas smo uspje\u0161no prodali mnoge nekretnine u Crnoj Gori. Iskustva i preporuke na\u0161ih klijenata pogledajte ovdje 0% NAKNADA KUPCA Na\u0161i klijenti ne pla\u0107aju proviziju prilikom kupovine nekretnine. SIROK IZBOR NEKRETNINA Nudimo vrlo \u0161irok spektar nekretnine na lokacijama \u0161irom [&hellip;]<\/p>\n","protected":false},"author":1,"featured_media":0,"parent":0,"menu_order":0,"comment_status":"closed","ping_status":"closed","template":"page-templates\/full-width.php","meta":[],"categories":[],"tags":[1891,1873,1857,1859,1867,1858,1860,1861,1865,1883,1863,1864,1872,1866,1862,1870,1887,1871,1869,1885,1889,1994],"aioseo_notices":[],"_links":{"self":[{"href":"https:\/\/www.montenegroproperties.com\/crn\/wp-json\/wp\/v2\/pages\/29233"}],"collection":[{"href":"https:\/\/www.montenegroproperties.com\/crn\/wp-json\/wp\/v2\/pages"}],"about":[{"href":"https:\/\/www.montenegroproperties.com\/crn\/wp-json\/wp\/v2\/types\/page"}],"author":[{"embeddable":true,"href":"https:\/\/www.montenegroproperties.com\/crn\/wp-json\/wp\/v2\/users\/1"}],"replies":[{"embeddable":true,"href":"https:\/\/www.montenegroproperties.com\/crn\/wp-json\/wp\/v2\/comments?post=29233"}],"version-history":[{"count":18,"href":"https:\/\/www.montenegroproperties.com\/crn\/wp-json\/wp\/v2\/pages\/29233\/revisions"}],"predecessor-version":[{"id":46368,"href":"https:\/\/www.montenegroproperties.com\/crn\/wp-json\/wp\/v2\/pages\/29233\/revisions\/46368"}],"wp:attachment":[{"href":"https:\/\/www.montenegroproperties.com\/crn\/wp-json\/wp\/v2\/media?parent=29233"}],"wp:term":[{"taxonomy":"category","embeddable":true,"href":"https:\/\/www.montenegroproperties.com\/crn\/wp-json\/wp\/v2\/categories?post=29233"},{"taxonomy":"post_tag","embeddable":true,"href":"https:\/\/www.montenegroproperties.com\/crn\/wp-json\/wp\/v2\/tags?post=29233"}],"curies":[{"name":"wp","href":"https:\/\/api.w.org\/{rel}","templated":true}]}}