{"id":29234,"date":"2024-02-15T11:42:50","date_gmt":"2024-02-15T11:42:50","guid":{"rendered":"https:\/\/www.montenegroproperties.com\/zasto-montenegro-properties\/"},"modified":"2024-12-06T11:40:19","modified_gmt":"2024-12-06T11:40:19","slug":"zasto-montenegro-properties","status":"publish","type":"page","link":"https:\/\/www.montenegroproperties.com\/crn\/zasto-montenegro-properties\/","title":{"rendered":"Za\u0161to Montenegro Properties"},"content":{"rendered":"<h2 id=\"txt_02\" class=\"vx_text sv-text-section-heading sv--lrg\">Imate koristi od na\u0161eg iskustva.<\/h2>\n<p>[vc_row][vc_column][vc_column_text]<\/p>\n<div class=\"wrapper\">\n<div class=\"frame\">\n<div class=\"content\">\n<div class=\"main\">\n<div class=\"left\">\n<div class=\"box_720\">\n<div class=\"box_720_border\">\n<p>Montenegro Properties je osnovana 2006. godine, a danas je cijenjena i pouzdana agencija za nekretnine u Crnoj Gori. Na\u0161 pristup nije samo inovativan, ve\u0107 i dinami\u010dan, vo\u0111en iskusnim menad\u017ement timom sposobnim za brzu reakciju u i\u0161\u010dekivanju tr\u017ei\u0161nih prilago\u0111avanja.<\/p>\n<p>Primjenjuju\u0107i najvi\u0161e standarde profesionalne etike, slu\u017ee\u0107i na\u0161im klijentima i zadobijaju\u0107i njihovo povjerenje, izgradili smo reputaciju beskompromisnog profesionalizma u svemu \u0161to radimo. Poslujemo u svakom sektoru nekretnina i svakoj geografskoj regiji.<\/p>\n<\/div>\n<\/div>\n<\/div>\n<\/div>\n<\/div>\n<\/div>\n<\/div>\n<p>[\/vc_column_text][\/vc_column][\/vc_row][vc_row][vc_column width=&#8221;1\/3&#8243;][vc_single_image image=&#8221;3783&#8243; alignment=&#8221;center&#8221;][vc_column_text]<\/p>\n<p style=\"text-align: center;\">Poma\u017eemo na\u0161im klijentima da ispune svoje potrebe za nekretninama \u2013 \u0161ta god i gdje god da su. Pru\u017eamo potpuno integrisanu uslugu. Ceo proces je prilago\u0111en individualnim potrebama.<\/p>\n<p>[\/vc_column_text][\/vc_column][vc_column width=&#8221;1\/3&#8243;][vc_single_image image=&#8221;3785&#8243; alignment=&#8221;center&#8221;][vc_column_text]<\/p>\n<div class=\"wrapper\">\n<div class=\"frame\">\n<div class=\"content\">\n<div class=\"main\">\n<div class=\"left\">\n<div class=\"box_720\">\n<div class=\"box_720_border\">\n<p style=\"text-align: center;\">Nabavljamo nekretnine i razvojne lokacije u svakom dijelu zemlje, imaju\u0107i \u0161irok spektar kontakata koji pokrivaju cijelu Crnu Goru.<\/p>\n<\/div>\n<\/div>\n<\/div>\n<\/div>\n<\/div>\n<\/div>\n<\/div>\n<p>[\/vc_column_text][\/vc_column][vc_column width=&#8221;1\/3&#8243;][vc_single_image image=&#8221;3784&#8243; alignment=&#8221;center&#8221;][vc_column_text]<\/p>\n<p style=\"text-align: center;\">Stalno tra\u017eimo nove mogu\u0107nosti ulaganja u nekretnina za na\u0161e klijente i zauzimamo poduzetni\u010dki pristup isporuci vrijednosti.<\/p>\n<p>[\/vc_column_text][\/vc_column][\/vc_row][vc_row][vc_column][vc_separator][vc_column_text]<img loading=\"lazy\" class=\"wp-image-3787 size-full alignleft\" src=\"http:\/\/www.montenegroproperties.me\/wp-content\/uploads\/2017\/03\/businesswoman.png\" width=\"128\" height=\"128\" srcset=\"https:\/\/www.montenegroproperties.com\/wp-content\/uploads\/2017\/03\/businesswoman.png 128w, https:\/\/www.montenegroproperties.com\/wp-content\/uploads\/2017\/03\/businesswoman-100x100.png 100w\" sizes=\"(max-width: 128px) 100vw, 128px\" \/><strong>Aleksandra Dra\u0161kovi\u0107, direktorka<\/strong><\/p>\n<p>Aleksandra je osnovala agenciju za nekretnine Montenegro Properties 2006. godine. U\u010destvovala je na brojnim izlo\u017ebama nekretnina sa Ministarstvom ekonomskog razvoja za podr\u0161ku investicijama u Crnoj Gori. Aleksandra je magistrirala me\u0111unarodnu ekonomiju i finansije. Crnogorski dr\u017eavljanin, govori engleski, italijanski i ruski.[\/vc_column_text][\/vc_column][\/vc_row]<\/p>\n","protected":false},"excerpt":{"rendered":"<p>Imate koristi od na\u0161eg iskustva. [vc_row][vc_column][vc_column_text] Montenegro Properties je osnovana 2006. godine, a danas je cijenjena i pouzdana agencija za nekretnine u Crnoj Gori. Na\u0161 pristup nije samo inovativan, ve\u0107 i dinami\u010dan, vo\u0111en iskusnim menad\u017ement timom sposobnim za brzu reakciju u i\u0161\u010dekivanju tr\u017ei\u0161nih prilago\u0111avanja. Primjenjuju\u0107i najvi\u0161e standarde profesionalne etike, slu\u017ee\u0107i na\u0161im klijentima i zadobijaju\u0107i njihovo [&hellip;]<\/p>\n","protected":false},"author":1,"featured_media":0,"parent":0,"menu_order":0,"comment_status":"closed","ping_status":"closed","template":"","meta":[],"categories":[],"tags":[1857,1859,1867,1858,1860,1861,1865,1862,1863,1864,1872,1866,1869,1870,1871],"aioseo_notices":[],"_links":{"self":[{"href":"https:\/\/www.montenegroproperties.com\/crn\/wp-json\/wp\/v2\/pages\/29234"}],"collection":[{"href":"https:\/\/www.montenegroproperties.com\/crn\/wp-json\/wp\/v2\/pages"}],"about":[{"href":"https:\/\/www.montenegroproperties.com\/crn\/wp-json\/wp\/v2\/types\/page"}],"author":[{"embeddable":true,"href":"https:\/\/www.montenegroproperties.com\/crn\/wp-json\/wp\/v2\/users\/1"}],"replies":[{"embeddable":true,"href":"https:\/\/www.montenegroproperties.com\/crn\/wp-json\/wp\/v2\/comments?post=29234"}],"version-history":[{"count":4,"href":"https:\/\/www.montenegroproperties.com\/crn\/wp-json\/wp\/v2\/pages\/29234\/revisions"}],"predecessor-version":[{"id":38702,"href":"https:\/\/www.montenegroproperties.com\/crn\/wp-json\/wp\/v2\/pages\/29234\/revisions\/38702"}],"wp:attachment":[{"href":"https:\/\/www.montenegroproperties.com\/crn\/wp-json\/wp\/v2\/media?parent=29234"}],"wp:term":[{"taxonomy":"category","embeddable":true,"href":"https:\/\/www.montenegroproperties.com\/crn\/wp-json\/wp\/v2\/categories?post=29234"},{"taxonomy":"post_tag","embeddable":true,"href":"https:\/\/www.montenegroproperties.com\/crn\/wp-json\/wp\/v2\/tags?post=29234"}],"curies":[{"name":"wp","href":"https:\/\/api.w.org\/{rel}","templated":true}]}}