{"id":29250,"date":"2024-02-15T11:42:57","date_gmt":"2024-02-15T11:42:57","guid":{"rendered":"https:\/\/www.montenegroproperties.com\/politika-privatnosti\/"},"modified":"2024-12-06T11:41:23","modified_gmt":"2024-12-06T11:41:23","slug":"politika-privatnosti","status":"publish","type":"page","link":"https:\/\/www.montenegroproperties.com\/crn\/politika-privatnosti\/","title":{"rendered":"Politika privatnosti"},"content":{"rendered":"\n<h2>Ko smo mi?<\/h2>\n\n<p>Adresa na\u0161e web stranice je: https:\/\/www.montenegroproperties.com.<\/p>\n\n<h2>Koje li\u010dne podatke prikupljamo i za\u0161to ih prikupljamo<\/h2>\n\n<h3>Komentara<\/h3>\n\n<p>Kada posetioci ostave komentare na sajtu, prikupljamo podatke prikazane u obrascu za komentare, kao i IP adresu posetioca i niz korisni\u010dkih agenata pretra\u017eiva\u010da kako bismo pomogli u otkrivanju spama.<\/p>\n\n<p>Anonimni niz kreiran iz va\u0161e e-mail adrese (koji se naziva i hash) mo\u017ee biti dostavljen Gravatar servisu da bi se videlo da li ga koristite. Politika privatnosti usluge Gravatar dostupna je ovdje: https:\/\/automattic.com\/privacy\/. Nakon odobrenja va\u0161eg komentara, va\u0161a profilna slika je vidljiva javnosti u kontekstu va\u0161eg komentara.<\/p>\n\n<h3>Media<\/h3>\n\n<p>Ako otpremite slike na veb lokaciju, trebalo bi da izbegavate otpremanje slika sa ugra\u0111enim podacima o lokaciji (EXIF GPS). Posetioci sajta mogu da preuzmu i izvuku sve podatke o lokaciji sa slika na sajtu.<\/p>\n\n<h3>Obrasci za kontakt<\/h3>\n\n<h3>Kola\u010di\u0107e<\/h3>\n\n<p>Ukoliko ostavite komentar na na\u0161em sajtu, mo\u017eete da se odlu\u010dite za \u010duvanje svog imena, e-mail adrese i veb sajta u kola\u010di\u0107ima. Ovo je za va\u0161u pogodnost tako da ne morate ponovo da popunjavate svoje podatke kada ostavite drugi komentar. Ovi kola\u010di\u0107i traju godinu dana.<\/p>\n\n<p>Ako imate nalog i prijavite se na ovaj sajt, postavi\u0107emo privremeni kola\u010di\u0107 kako bismo utvrdili da li va\u0161 pretra\u017eiva\u010d prihvata kola\u010di\u0107e. Ovaj kola\u010di\u0107 ne sadr\u017ei li\u010dne podatke i odbacuje se kada zatvorite pretra\u017eiva\u010d.<\/p>\n\n<p>Kada se prijavite, tako\u0111e \u0107emo postaviti nekoliko kola\u010di\u0107a kako bismo sa\u010duvali va\u0161e informacije o prijavljivanju i izbor prikaza ekrana. Kola\u010di\u0107i za prijavu traju dva dana, a kola\u010di\u0107i opcija ekrana traju godinu dana. Ako odaberete &#8220;Zapamti me&#8221;, va\u0161a prijava \u0107e trajati dvije sedmice. Ukoliko se odjavite sa svog naloga, kola\u010di\u0107i za prijavljivanje \u0107e biti uklonjeni.<\/p>\n\n<p>Ako ure\u0111ujete ili objavite \u010dlanak, dodatni kola\u010di\u0107 \u0107e biti sa\u010duvan u Va\u0161em pretra\u017eiva\u010du. Ovaj kola\u010di\u0107 ne sadr\u017ei li\u010dne podatke i jednostavno ukazuje na ID objave \u010dlanka koji ste upravo izmenili. Zavr\u0161ava se nakon jednog dana.<\/p>\n\n<h3>Ugra\u0111eni sadr\u017eaj sa drugih web lokacija<\/h3>\n\n<p>\u010clanci na ovom sajtu mogu da sadr\u017ee ugra\u0111eni sadr\u017eaj (npr. video zapise, slike, \u010dlanke itd.). Ugra\u0111eni sadr\u017eaj sa drugih web stranica pona\u0161a se na potpuno isti na\u010din kao da je posjetitelj posjetio drugu web stranicu.<\/p>\n\n<p>Ove web stranice mogu prikupljati podatke o vama, koristiti kola\u010di\u0107e, ugraditi dodatno pra\u0107enje tre\u0107e strane i pratiti va\u0161u interakciju s tim ugra\u0111enim sadr\u017eajem, uklju\u010duju\u0107i pra\u0107enje va\u0161e interakcije s ugra\u0111enim sadr\u017eajem ako imate ra\u010dun i prijavljeni ste na tu web stranicu.<\/p>\n\n<h3>Analitika<\/h3>\n\n<h2>Sa kim delimo Va\u0161e podatke<\/h2>\n\n<h2>koliko dugo \u010duvamo Va\u0161e podatke<\/h2>\n\n<p>Ako ostavite komentar, komentar i njegovi metapodaci zadr\u017eavaju se na neodre\u0111eno vrijeme. Ovo je tako da mo\u017eemo da prepoznamo i odobrimo bilo koji komentar za pra\u0107enje automatski umesto da ih dr\u017eimo u redu za moderaciju.<\/p>\n\n<p>Za korisnike koji se registruju na na\u0161oj web stranici (ako postoje), li\u010dne podatke koje daju \u010duvamo i na svom korisni\u010dkom profilu. Svi korisnici mogu da vide, ure\u0111uju ili bri\u0161u svoje li\u010dne podatke u bilo kom trenutku (osim \u0161to ne mogu da promene svoje korisni\u010dko ime). Administratori web stranica tako\u0111er mogu vidjeti i urediti te informacije.<\/p>\n\n<h2>Koja prava imate nad svojim podacima<\/h2>\n\n<p>Ako imate nalog na ovom sajtu ili ste ostavili komentare, mo\u017eete da zatra\u017eite da dobijete izvezenu datoteku li\u010dnih podataka koje imamo o vama, uklju\u010duju\u0107i sve podatke koje ste nam dali. Tako\u0111e mo\u017eete zahtevati da izbri\u0161emo sve li\u010dne podatke koje imamo o vama. Ovo ne uklju\u010duje nikakve podatke koje smo du\u017eni \u010duvati u administrativne, pravne ili sigurnosne svrhe.<\/p>\n\n<h2>Gde \u0161aljemo Va\u0161e podatke<\/h2>\n\n<p>Komentari posetilaca mogu se proveriti putem automatizovanog servisa za detekciju spama.<\/p>\n\n<h2>Va\u0161e kontakt informacije<\/h2>\n\n<h2>Dodatne informacije<\/h2>\n\n<h3>Kako \u0161titimo Va\u0161e podatke<\/h3>\n\n<h3>Koje procedure za kr\u0161enje podataka imamo<\/h3>\n\n<h3>Od kojih tre\u0107ih strana dobijamo podatke<\/h3>\n\n<h3>Koje automatizovano dono\u0161enje odluka i\/ili profilisanje radimo sa korisni\u010dkim podacima<\/h3>\n\n<h3>Industrijski regulatorni zahtjevi za otkrivanje<\/h3>\n","protected":false},"excerpt":{"rendered":"<p>Ko smo mi? Adresa na\u0161e web stranice je: https:\/\/www.montenegroproperties.com. Koje li\u010dne podatke prikupljamo i za\u0161to ih prikupljamo Komentara Kada posetioci ostave komentare na sajtu, prikupljamo podatke prikazane u obrascu za komentare, kao i IP adresu posetioca i niz korisni\u010dkih agenata pretra\u017eiva\u010da kako bismo pomogli u otkrivanju spama. Anonimni niz kreiran iz va\u0161e e-mail adrese (koji [&hellip;]<\/p>\n","protected":false},"author":1,"featured_media":0,"parent":0,"menu_order":0,"comment_status":"closed","ping_status":"closed","template":"","meta":[],"categories":[],"tags":[],"aioseo_notices":[],"_links":{"self":[{"href":"https:\/\/www.montenegroproperties.com\/crn\/wp-json\/wp\/v2\/pages\/29250"}],"collection":[{"href":"https:\/\/www.montenegroproperties.com\/crn\/wp-json\/wp\/v2\/pages"}],"about":[{"href":"https:\/\/www.montenegroproperties.com\/crn\/wp-json\/wp\/v2\/types\/page"}],"author":[{"embeddable":true,"href":"https:\/\/www.montenegroproperties.com\/crn\/wp-json\/wp\/v2\/users\/1"}],"replies":[{"embeddable":true,"href":"https:\/\/www.montenegroproperties.com\/crn\/wp-json\/wp\/v2\/comments?post=29250"}],"version-history":[{"count":1,"href":"https:\/\/www.montenegroproperties.com\/crn\/wp-json\/wp\/v2\/pages\/29250\/revisions"}],"predecessor-version":[{"id":29252,"href":"https:\/\/www.montenegroproperties.com\/crn\/wp-json\/wp\/v2\/pages\/29250\/revisions\/29252"}],"wp:attachment":[{"href":"https:\/\/www.montenegroproperties.com\/crn\/wp-json\/wp\/v2\/media?parent=29250"}],"wp:term":[{"taxonomy":"category","embeddable":true,"href":"https:\/\/www.montenegroproperties.com\/crn\/wp-json\/wp\/v2\/categories?post=29250"},{"taxonomy":"post_tag","embeddable":true,"href":"https:\/\/www.montenegroproperties.com\/crn\/wp-json\/wp\/v2\/tags?post=29250"}],"curies":[{"name":"wp","href":"https:\/\/api.w.org\/{rel}","templated":true}]}}