{"id":46202,"date":"2025-08-17T17:20:20","date_gmt":"2025-08-17T16:20:20","guid":{"rendered":"https:\/\/www.montenegroproperties.com\/svjedocanstva\/"},"modified":"2025-08-17T17:31:11","modified_gmt":"2025-08-17T16:31:11","slug":"svjedocanstva","status":"publish","type":"page","link":"https:\/\/www.montenegroproperties.com\/crn\/svjedocanstva\/","title":{"rendered":"Svjedo\u010danstva"},"content":{"rendered":"\n<blockquote class=\"wp-block-quote\"><p><strong>James &amp; Ide, irski kupci<\/strong><\/p><p>  Kao inozemni kupci koji \u017eele kupiti vilu u zaljevu u Crnoj Gori, smatramo da smo vrlo sretni \u0161to smo prona\u0161li Aleksa u \nMontenegro Properties. U\u010dinila je ono \u0161to je mogao biti zastra\u0161uju\u0107i \nzadatak super glatko i lako. Prvi put kad smo je sreli pokupila \nnas je iz na\u0161eg hotela i odvezla nas oko nekoliko nekretnina navedenih na njenoj stranici. \nKada to nije bilo prikladno, i\u0161la je preko i iznad da nas pove\u017ee s \ndrugim prodava\u010dem kojeg je poznavala lokalno. Tada smo bili u mogu\u0107nosti da zavr\u0161imo proces prodaje \niz inostranstva. Kada je do\u0161lo vrijeme za kupnju, uspjela nas je povezati \ns lokalnim odvjetnikom i prodaja je bila uspje\u0161na za sve \nstrane. Jo\u0161 uvijek smo u kontaktu s Aleks redovito, ne mo\u017eemo dovoljno preporu\u010diti \nnjezinu uslugu u Montenegro Properties!     <\/p><\/blockquote>\n\n<blockquote class=\"wp-block-quote\"><p><strong>Arietta i Michael Holznagel, Njema\u010dka<\/strong><\/p><p>Drago nam je \u0161to smo upoznali Aleksandru. Odmah je shvatila \u0161to tra\u017eimo i na na\u0161oj prvoj turneji s njom prona\u0161li smo dva stana, jedan za mog mu\u017ea i mene i jedan za moju majku koje smo kupili. Bila je od vrlo dragocjene pomo\u0107i tijekom postupka kod javnog bilje\u017enika i pomogla nam je na mnoge druge na\u010dine u narednom vremenu s raznim vlastima. Uvijek je bila na dohvat ruke ako smo imali bilo kakvih pitanja. Za stranca koji ne govori jezik takva usluga je vrlo preporu\u010dljiva.    <\/p><\/blockquote>\n\n<blockquote class=\"wp-block-quote\"><p><strong>Tomasz Habrzyk, Poljska  \n<\/strong><\/p><p>Profesionalizam, dubinsko poznavanje tr\u017ei\u0161ta nekretnina, \nodli\u010dne komunikacijske vje\u0161tine i na kraju super prijateljski stav &#8211; \nto su samo neki od mnogih atributa zbog kojih bih \nAleksandru preporu\u010dila svima koji tra\u017ee nekretninu za kupnju. \nKada sam tra\u017eio da kupim stan u Crnoj Gori sara\u0111ivao sam \nsa nekoliko agencija za nekretnine i Aleksandra se pokazao \nkao najbolji izbor koji sam mogao napraviti.  <\/p><p>Kada sam prvi put upoznao Aleksandru, bio sam impresioniran koliko zna \no tr\u017ei\u0161tu nekretnina i njenoj sposobnosti da razumije stvarne \npotrebe kupaca. Aleksandra mi je pomogla u kratkom vremenu da prona\u0111em \nstan koji je ispunio moja o\u010dekivanja i napravila je sjajan posao \nkontaktiraju\u0107i prodavca i pregovaraju\u0107i o cijeni u moje ime. \nNe samo da me je vodila kroz cijeli proces kupovine koji je\npro\u0161ao glatko, ve\u0107 je bila i ogromna pomo\u0107 u opremanju \ncijelog stana i kupovini svih ure\u0111aja. Sve je to \nradila dok sam se vratio u Poljsku dok sam kontaktirao Aleksandru \nna daljinu.    <\/p><p>Tra\u017eite li vrhunsku uslugu koja prema\u0161uje mnogo vi\u0161e od onoga \u0161to tradicionalne agencije za nekretnine imaju za ponuditi? \nTra\u017eite li nekoga kome mo\u017eete vjerovati i tko \u0107e vas \nglatko voditi kroz cijeli proces pronala\u017eenja nekretnine iz \nsnova, pregovaranja o cijeni, procesa kupovine i jo\u0161 mnogo \ntoga? Aleksandra i njena agencija za nekretnine je najbolji izbor!   <\/p><p>\nToplo preporu\u010dujem.<\/p><\/blockquote>\n\n<blockquote class=\"wp-block-quote\"><p><strong>Vernaissi i Romeo Varga, Australija  \n<\/strong><\/p><p>Ako \u017eelite kupiti nekretninu s lako\u0107om, lako\u0107om i \nzapadnja\u010dkim profesionalizmom, idite ravno u Montenegro Properties. \nVolimo raditi brzo u svemu \u0161to radimo i nemamo \u017eelju \u010dekati\nbilo \u0161to. Kao rezultat toga, Aleksandrina radna etika savr\u0161eno \nse uskladila s na\u0161om. Od na\u0161eg prvog iskaza interesa za kupnju do \npotpisivanja kupoprodajnog ugovora i polaganja depozita za \nna\u0161 potpuno novi stan na pla\u017ei trajalo je samo 2 tjedna. To je vrsta vremenskog okvira koji \nsmo zamislili i to je upravo ono \u0161to smo dobili \nsa Montenegro Properties.    (Za kontekst, ranije \nsmo stupili u kontakt s brojnim drugim agencijama \u0161irom zemlje \ni na obali i na sjeveru ranije ove godine i odustali smo\n, jer jednostavno dobivanje odgovora na najjednostavnije pitanje kao \u0161to je &#8220;Da li je \nova imovina legalizirana?&#8221; bilo je poput va\u0111enja zuba. Ve\u0107ina nam se nikada nije \nni javila, a oni koji su nam se javili, kada smo tra\u017eili vi\u0161e fotografija\nili virtualni obilazak, agenti ih nisu pru\u017eili.) Dakle, dok smo do\u0161li \nsa zapadnim standardima radne etike i profesionalizma, \nAleksandra ih je ugodno do\u010dekala na svim dodirnim ta\u010dkama. Tako\u0111er \nje preporu\u010dila izuzetno efikasan i efikasan pravni tim \n(Olga i Jasmina) da pomogne sa svom papirologijom, i uvijek je bila \nbrza na WhatsAppu da odgovori na sve upite ili zahtjeve \nkoje smo imali. I Aleksandra i pravni tim koji je preporu\u010dila \nradili su za nas i na javnom produ\u017eenom vikendu, \u0161to smo zaista \ncijenili i po\u0161tovali.   Definitivno \u0107emo koristiti \nMontenegro Properties za pove\u0107anje na\u0161eg portfelja\nnekretnina na Jadranu u budu\u0107nosti i toplo preporu\u010dujemo Aleksandru svakom \nme\u0111unarodnom kupcu koji \u017eeli da kupi nekretninu u Crnoj Gori.\n<\/p><\/blockquote>\n\n<blockquote class=\"wp-block-quote\"><p><strong>Miljan Kelovi\u0107, Njema\u010dka\n<\/strong><\/p><p>Bio sam u kontaktu sa Aleksandrom nekoliko mjeseci u vezi \nnekretnina u Crnoj Gori. Bila je nevjerojatna i vrlo \nprofesionalna u svojim odgovorima i stavila je mene i moju \u017eenu u opu\u0161tenost sa svim \naspektima procesa kupovine. Kona\u010dno smo posjetili Crnu Goru \ni Aleks nas je vodio po ku\u0107ama u u\u017eem izboru, koji \nje bio prijateljski, ljubazan i vrlo upu\u0107en u svaku ku\u0107u \ni podru\u010dje u kojem se nalazila. Istaknuo bih osobnu pomo\u0107 \nkoja ide daleko iznad onoga \u0161to bi se o\u010dekivalo od agenta za nekretnine.\nNakon \u0161to je pregovarala o prodaji, vodila me cijelim putem kroz \nproces prodaje. Sve u svemu, ja i moja supruga smo imali briljantno \niskustvo sa Montenegro Properties i toplo \nbih ih preporu\u010dio svima koji razmi\u0161ljaju o kupovini u Crnoj Gori.    \n<\/p><\/blockquote>\n\n<blockquote class=\"wp-block-quote\"><p><strong>Helen Pitcher, OBE, predsjednica &#8211; Advanced Boardroom Excellence Limited, UK<\/strong><\/p><p>Tra\u017eio sam nekretnina za kupovinu u Crnoj Gori i kontaktirao sam nekoliko agenata. Najresponzivnija i najprofesionalnija firma bila je Montenegro Properties. Aleks, vlasnik govori savr\u0161eno engleski, bio je vrlo koristan i odgovoran i slu\u0161ao je moj sa\u017eetak o vrsti nekretnina koju sam \u017eelio. Upoznala me je u Kotoru, odvezla me oko nekoliko nekretnine i na kraju mi prona\u0161la nekretnina iz snova na prvoj liniji fronta u Perastu. <\/p><p>Aleks mi je tada na\u0161ao fantasti\u010dnog advokata, u vezi sa vlasnikom i olak\u0161ao uspe\u0161nu kupovinu. Ostala je u kontaktu tokom cele godine, proveravaju\u0107i da li sve dobro napreduje. Otkad smo kupili nekretnina , ona je pomogla u tranziciji osnovnih usluga npr. voda, struja itd. Ja bih ocijenio Montenegro Properties 10\/10 za sve elemente usluge.<\/p><p>Druga radost bavljenja Aleksom je li\u010dni dodir, ona je ljubazna i zabavna i ima istinsku \u017eelju da prona\u0111e ono \u0161to \u017eelite i da to u\u010dini \u0161to lak\u0161im. Preporu\u010dio bih je svaki put.<\/p><p>Bavio sam se jo\u0161 trojicom agenata prilikom gledanja, nijedan od njih nije slu\u0161ao kao i sa\u017eetak, zaista su mi dva pokazala Properties no gdje blizu brifinga i jedan je bio nestrpljiv sa mnom kada sam odbio pogledati stan u brdima (sa\u017eetak je bio prva linija Cottage).<\/p><\/blockquote>\n\n<blockquote class=\"wp-block-quote\"><p><strong>Dunja Mijatovi\u0107, komesarka za ljudska prava, Savet Evrope &#8211; Strazbur<\/strong><\/p><p>Dragi Montenegro Properties team, hvala vam puno \u0161to ste mi pomogli da prona\u0111em ljetnikovac iz snova.<\/p><p>Prvo, \u017eelim da izrazim iskrenu zahvalnost za uslugu i pomo\u0107 pru\u017eenu od samog po\u010detka procesa, nije svaki dan da kupite svoj novi dom.<\/p><p>Aleksandra je bila potpuno profesionalna, obrazovana i ljubazna u svakom kontaktu.<\/p><p>Ako izaberete MP za svog agenta, u\u017eiva\u0107ete u iskustvu sa ljudima koji istinski vole ono \u0161to rade i koji naporno rade da bi va\u0161i snovi postali stvarnost. Ose\u0107a\u0107ete se kao da vam prijatelj poma\u017ee da prona\u0111ete dom, a ne poslovnog partnera.<\/p><p>Toplo bih preporu\u010dio poslanika i Aleksandru svakome ko tra\u017ei agenta za nekretnine u Crnoj Gori.<\/p><\/blockquote>\n","protected":false},"excerpt":{"rendered":"<p>James &amp; Ide, irski kupci Kao inozemni kupci koji \u017eele kupiti vilu u zaljevu u Crnoj Gori, smatramo da smo vrlo sretni \u0161to smo prona\u0161li Aleksa u Montenegro Properties. U\u010dinila je ono \u0161to je mogao biti zastra\u0161uju\u0107i zadatak super glatko i lako. Prvi put kad smo je sreli pokupila nas je iz na\u0161eg hotela i [&hellip;]<\/p>\n","protected":false},"author":1,"featured_media":0,"parent":0,"menu_order":0,"comment_status":"closed","ping_status":"closed","template":"page-templates\/full-width.php","meta":[],"categories":[],"tags":[],"aioseo_notices":[],"_links":{"self":[{"href":"https:\/\/www.montenegroproperties.com\/crn\/wp-json\/wp\/v2\/pages\/46202"}],"collection":[{"href":"https:\/\/www.montenegroproperties.com\/crn\/wp-json\/wp\/v2\/pages"}],"about":[{"href":"https:\/\/www.montenegroproperties.com\/crn\/wp-json\/wp\/v2\/types\/page"}],"author":[{"embeddable":true,"href":"https:\/\/www.montenegroproperties.com\/crn\/wp-json\/wp\/v2\/users\/1"}],"replies":[{"embeddable":true,"href":"https:\/\/www.montenegroproperties.com\/crn\/wp-json\/wp\/v2\/comments?post=46202"}],"version-history":[{"count":1,"href":"https:\/\/www.montenegroproperties.com\/crn\/wp-json\/wp\/v2\/pages\/46202\/revisions"}],"predecessor-version":[{"id":46203,"href":"https:\/\/www.montenegroproperties.com\/crn\/wp-json\/wp\/v2\/pages\/46202\/revisions\/46203"}],"wp:attachment":[{"href":"https:\/\/www.montenegroproperties.com\/crn\/wp-json\/wp\/v2\/media?parent=46202"}],"wp:term":[{"taxonomy":"category","embeddable":true,"href":"https:\/\/www.montenegroproperties.com\/crn\/wp-json\/wp\/v2\/categories?post=46202"},{"taxonomy":"post_tag","embeddable":true,"href":"https:\/\/www.montenegroproperties.com\/crn\/wp-json\/wp\/v2\/tags?post=46202"}],"curies":[{"name":"wp","href":"https:\/\/api.w.org\/{rel}","templated":true}]}}